{"id":6877,"date":"2025-02-26T18:21:53","date_gmt":"2025-02-26T18:21:53","guid":{"rendered":"https:\/\/fatelab.it\/?page_id=6877"},"modified":"2025-02-26T18:30:07","modified_gmt":"2025-02-26T18:30:07","slug":"associati-conferma","status":"publish","type":"page","link":"https:\/\/fatelab.it\/en\/sostieni\/associati-conferma\/","title":{"rendered":"Associati Conferma"},"content":{"rendered":"<div data-elementor-type=\"wp-page\" data-elementor-id=\"6877\" class=\"elementor elementor-6877\" data-elementor-post-type=\"page\">\n\t\t\t\t<div class=\"elementor-element elementor-element-2d0253d7 e-flex e-con-boxed e-con e-parent\" data-id=\"2d0253d7\" data-element_type=\"container\">\n\t\t\t\t\t<div class=\"e-con-inner\">\n\t\t<div class=\"elementor-element elementor-element-caca54e e-con-full e-flex e-con e-child\" data-id=\"caca54e\" data-element_type=\"container\" data-settings=\"{&quot;background_background&quot;:&quot;classic&quot;}\">\n\t\t<div class=\"elementor-element elementor-element-4a0d86b9 e-con-full e-flex e-con e-child\" data-id=\"4a0d86b9\" data-element_type=\"container\" data-settings=\"{&quot;background_background&quot;:&quot;classic&quot;,&quot;position&quot;:&quot;absolute&quot;}\">\n\t\t\t\t<div class=\"elementor-element elementor-element-5209e1f2 elementor-widget elementor-widget-heading\" data-id=\"5209e1f2\" data-element_type=\"widget\" data-widget_type=\"heading.default\">\n\t\t\t\t<div class=\"elementor-widget-container\">\n\t\t\t\t\t<h2 class=\"elementor-heading-title elementor-size-default\">Membership<\/h2>\t\t\t\t<\/div>\n\t\t\t\t<\/div>\n\t\t\t\t<\/div>\n\t\t\t\t<\/div>\n\t\t\t\t\t<\/div>\n\t\t\t\t<\/div>\n\t\t<div class=\"elementor-element elementor-element-1a8548e7 e-flex e-con-boxed e-con e-parent\" data-id=\"1a8548e7\" data-element_type=\"container\">\n\t\t\t\t\t<div class=\"e-con-inner\">\n\t\t\t\t<div class=\"elementor-element elementor-element-33156c05 elementor-widget elementor-widget-shortcode\" data-id=\"33156c05\" data-element_type=\"widget\" data-widget_type=\"shortcode.default\">\n\t\t\t\t<div class=\"elementor-widget-container\">\n\t\t\t\t\t\t\t<div class=\"elementor-shortcode\">\t\t\t<!-- Flexy Breadcrumb -->\r\n\t\t\t<div class=\"fbc fbc-page\">\r\n\r\n\t\t\t\t<!-- Breadcrumb wrapper -->\r\n\t\t\t\t<div class=\"fbc-wrap\">\r\n\r\n\t\t\t\t\t<!-- Ordered list-->\r\n\t\t\t\t\t<ol class=\"fbc-items\" itemscope itemtype=\"https:\/\/schema.org\/BreadcrumbList\">\r\n\t\t\t\t\t\t            <li itemprop=\"itemListElement\" itemscope itemtype=\"https:\/\/schema.org\/ListItem\">\r\n                <span itemprop=\"name\">\r\n                    <!-- Home Link -->\r\n                    <a itemprop=\"item\" href=\"https:\/\/fatelab.it\/en\/\">\r\n                    \r\n                        Home                    <\/a>\r\n                <\/span>\r\n                <meta itemprop=\"position\" content=\"1\" \/><!-- Meta Position-->\r\n             <\/li><li><span class=\"fbc-separator\">\/<\/span><\/li><li class=\"active\" itemprop=\"itemListElement\" itemscope itemtype=\"https:\/\/schema.org\/ListItem\"><span itemprop=\"name\" title=\"Associati Conferma\">Associati Conferma<\/span><meta itemprop=\"position\" content=\"2\" \/><\/li>\t\t\t\t\t<\/ol>\r\n\t\t\t\t\t<div class=\"clearfix\"><\/div>\r\n\t\t\t\t<\/div>\r\n\t\t\t<\/div>\r\n\t\t\t<\/div>\n\t\t\t\t\t\t<\/div>\n\t\t\t\t<\/div>\n\t\t\t\t\t<\/div>\n\t\t\t\t<\/div>\n\t\t<div class=\"elementor-element elementor-element-7f58aa48 e-flex e-con-boxed e-con e-parent\" data-id=\"7f58aa48\" data-element_type=\"container\">\n\t\t\t\t\t<div class=\"e-con-inner\">\n\t\t\t\t<div class=\"elementor-element elementor-element-5cc6d25f elementor-widget elementor-widget-heading\" data-id=\"5cc6d25f\" data-element_type=\"widget\" data-widget_type=\"heading.default\">\n\t\t\t\t<div class=\"elementor-widget-container\">\n\t\t\t\t\t<h2 class=\"elementor-heading-title elementor-size-default\">modulo di iscrizione inviato correttamente...<\/h2>\t\t\t\t<\/div>\n\t\t\t\t<\/div>\n\t\t\t\t<div class=\"elementor-element elementor-element-167f3c7 elementor-widget elementor-widget-text-editor\" data-id=\"167f3c7\" data-element_type=\"widget\" data-widget_type=\"text-editor.default\">\n\t\t\t\t<div class=\"elementor-widget-container\">\n\t\t\t\t\t\t\t\t\t<p>Gentile utente,<\/p><p>grazie per aver completato il modulo di adesione all&#8217;Associazione FATELAB. Siamo entusiasti di darti il benvenuto nella nostra comunit\u00e0 dedicata all&#8217;innovazione e alla collaborazione.<\/p><p>La tua richiesta \u00e8 stata ricevuta correttamente e verr\u00e0 elaborata nel minor tempo possibile. Appena il processo di verifica sar\u00e0 completato, riceverai una conferma ufficiale dell&#8217;ammissione all&#8217;associazione, insieme a ulteriori informazioni su come partecipare alle nostre attivit\u00e0 e ai nostri progetti.<\/p><p>Nel frattempo, ti invitiamo a visitare il nostro sito web e a seguirci sui nostri canali social per rimanere aggiornato sulle ultime novit\u00e0 e iniziative dell&#8217;associazione.<\/p><p>Grazie ancora per aver scelto di unirti a noi. Non vediamo l&#8217;ora di collaborare con te e di costruire insieme un futuro pi\u00f9 innovativo e inclusivo.<\/p><p>Cordiali saluti,<\/p><p><strong>FateLAB<\/strong><\/p>\t\t\t\t\t\t\t\t<\/div>\n\t\t\t\t<\/div>\n\t\t<div class=\"elementor-element elementor-element-d1a04d2 e-flex e-con-boxed e-con e-child\" data-id=\"d1a04d2\" data-element_type=\"container\">\n\t\t\t\t\t<div class=\"e-con-inner\">\n\t\t\t\t\t<\/div>\n\t\t\t\t<\/div>\n\t\t\t\t\t<\/div>\n\t\t\t\t<\/div>\n\t\t<div class=\"elementor-element elementor-element-713dcac5 e-con-full e-flex e-con e-parent\" data-id=\"713dcac5\" data-element_type=\"container\" data-settings=\"{&quot;background_background&quot;:&quot;classic&quot;}\">\n\t\t<div class=\"elementor-element elementor-element-f09385c e-flex e-con-boxed e-con e-child\" data-id=\"f09385c\" data-element_type=\"container\">\n\t\t\t\t\t<div class=\"e-con-inner\">\n\t\t<div class=\"elementor-element elementor-element-79406516 e-con-full e-flex e-con e-child\" data-id=\"79406516\" data-element_type=\"container\">\n\t\t\t\t<div class=\"elementor-element elementor-element-5ebd990b elementor-widget elementor-widget-heading\" data-id=\"5ebd990b\" data-element_type=\"widget\" data-widget_type=\"heading.default\">\n\t\t\t\t<div class=\"elementor-widget-container\">\n\t\t\t\t\t<h2 class=\"elementor-heading-title elementor-size-default\">Thank you for your interest and eagerness to join our community! We look forward to welcoming you as a new member of the FATELAB Association.\n <\/h2>\t\t\t\t<\/div>\n\t\t\t\t<\/div>\n\t\t\t\t<\/div>\n\t\t\t\t\t<\/div>\n\t\t\t\t<\/div>\n\t\t\t\t<\/div>\n\t\t\t\t<\/div>","protected":false},"excerpt":{"rendered":"<p>Associati modulo di iscrizione inviato correttamente&#8230; Gentile utente, grazie per aver completato il modulo di adesione all&#8217;Associazione FATELAB. Siamo entusiasti di darti il benvenuto nella nostra comunit\u00e0 dedicata all&#8217;innovazione e alla collaborazione. La tua richiesta \u00e8 stata ricevuta correttamente e verr\u00e0 elaborata nel minor tempo possibile. Appena il processo di verifica sar\u00e0 completato, riceverai una [&hellip;]<\/p>","protected":false},"author":1,"featured_media":0,"parent":484,"menu_order":0,"comment_status":"closed","ping_status":"closed","template":"elementor_header_footer","meta":{"wpupg_custom_link":[],"wpupg_custom_link_behaviour":[],"wpupg_custom_link_nofollow":[],"wpupg_custom_image":[],"wpupg_custom_image_id":[],"footnotes":""},"class_list":["post-6877","page","type-page","status-publish","hentry"],"yoast_head":"<!-- This site is optimized with the Yoast SEO plugin v26.5 - https:\/\/yoast.com\/wordpress\/plugins\/seo\/ -->\n<title>Associati Conferma - Fatelab<\/title>\n<meta name=\"robots\" content=\"index, follow, max-snippet:-1, max-image-preview:large, max-video-preview:-1\" \/>\n<link rel=\"canonical\" href=\"https:\/\/fatelab.it\/en\/sostieni\/associati-conferma\/\" \/>\n<meta property=\"og:locale\" content=\"en_GB\" \/>\n<meta property=\"og:type\" content=\"article\" \/>\n<meta property=\"og:title\" content=\"Associati Conferma - Fatelab\" \/>\n<meta property=\"og:description\" content=\"Associati modulo di iscrizione inviato correttamente&#8230; Gentile utente, grazie per aver completato il modulo di adesione all&#8217;Associazione FATELAB. Siamo entusiasti di darti il benvenuto nella nostra comunit\u00e0 dedicata all&#8217;innovazione e alla collaborazione. La tua richiesta \u00e8 stata ricevuta correttamente e verr\u00e0 elaborata nel minor tempo possibile. Appena il processo di verifica sar\u00e0 completato, riceverai una [&hellip;]\" \/>\n<meta property=\"og:url\" content=\"https:\/\/fatelab.it\/en\/sostieni\/associati-conferma\/\" \/>\n<meta property=\"og:site_name\" content=\"Fatelab\" \/>\n<meta property=\"article:modified_time\" content=\"2025-02-26T18:30:07+00:00\" \/>\n<meta name=\"twitter:card\" content=\"summary_large_image\" \/>\n<meta name=\"twitter:label1\" content=\"Estimated reading time\" \/>\n\t<meta name=\"twitter:data1\" content=\"1 minute\" \/>\n<script type=\"application\/ld+json\" class=\"yoast-schema-graph\">{\"@context\":\"https:\/\/schema.org\",\"@graph\":[{\"@type\":\"WebPage\",\"@id\":\"https:\/\/fatelab.it\/sostieni\/associati-conferma\/\",\"url\":\"https:\/\/fatelab.it\/sostieni\/associati-conferma\/\",\"name\":\"Associati Conferma - Fatelab\",\"isPartOf\":{\"@id\":\"https:\/\/fatelab.it\/#website\"},\"datePublished\":\"2025-02-26T18:21:53+00:00\",\"dateModified\":\"2025-02-26T18:30:07+00:00\",\"breadcrumb\":{\"@id\":\"https:\/\/fatelab.it\/sostieni\/associati-conferma\/#breadcrumb\"},\"inLanguage\":\"en-GB\",\"potentialAction\":[{\"@type\":\"ReadAction\",\"target\":[\"https:\/\/fatelab.it\/sostieni\/associati-conferma\/\"]}]},{\"@type\":\"BreadcrumbList\",\"@id\":\"https:\/\/fatelab.it\/sostieni\/associati-conferma\/#breadcrumb\",\"itemListElement\":[{\"@type\":\"ListItem\",\"position\":1,\"name\":\"Home\",\"item\":\"https:\/\/fatelab.it\/\"},{\"@type\":\"ListItem\",\"position\":2,\"name\":\"Sostieni\",\"item\":\"https:\/\/fatelab.it\/sostieni\/\"},{\"@type\":\"ListItem\",\"position\":3,\"name\":\"Associati Conferma\"}]},{\"@type\":\"WebSite\",\"@id\":\"https:\/\/fatelab.it\/#website\",\"url\":\"https:\/\/fatelab.it\/\",\"name\":\"Fatelab\",\"description\":\"San Potito Sannitico\",\"potentialAction\":[{\"@type\":\"SearchAction\",\"target\":{\"@type\":\"EntryPoint\",\"urlTemplate\":\"https:\/\/fatelab.it\/?s={search_term_string}\"},\"query-input\":{\"@type\":\"PropertyValueSpecification\",\"valueRequired\":true,\"valueName\":\"search_term_string\"}}],\"inLanguage\":\"en-GB\"}]}<\/script>\n<!-- \/ Yoast SEO plugin. -->","yoast_head_json":{"title":"Associati Conferma - Fatelab","robots":{"index":"index","follow":"follow","max-snippet":"max-snippet:-1","max-image-preview":"max-image-preview:large","max-video-preview":"max-video-preview:-1"},"canonical":"https:\/\/fatelab.it\/en\/sostieni\/associati-conferma\/","og_locale":"en_GB","og_type":"article","og_title":"Associati Conferma - Fatelab","og_description":"Associati modulo di iscrizione inviato correttamente&#8230; Gentile utente, grazie per aver completato il modulo di adesione all&#8217;Associazione FATELAB. Siamo entusiasti di darti il benvenuto nella nostra comunit\u00e0 dedicata all&#8217;innovazione e alla collaborazione. La tua richiesta \u00e8 stata ricevuta correttamente e verr\u00e0 elaborata nel minor tempo possibile. Appena il processo di verifica sar\u00e0 completato, riceverai una [&hellip;]","og_url":"https:\/\/fatelab.it\/en\/sostieni\/associati-conferma\/","og_site_name":"Fatelab","article_modified_time":"2025-02-26T18:30:07+00:00","twitter_card":"summary_large_image","twitter_misc":{"Estimated reading time":"1 minute"},"schema":{"@context":"https:\/\/schema.org","@graph":[{"@type":"WebPage","@id":"https:\/\/fatelab.it\/sostieni\/associati-conferma\/","url":"https:\/\/fatelab.it\/sostieni\/associati-conferma\/","name":"Associati Conferma - Fatelab","isPartOf":{"@id":"https:\/\/fatelab.it\/#website"},"datePublished":"2025-02-26T18:21:53+00:00","dateModified":"2025-02-26T18:30:07+00:00","breadcrumb":{"@id":"https:\/\/fatelab.it\/sostieni\/associati-conferma\/#breadcrumb"},"inLanguage":"en-GB","potentialAction":[{"@type":"ReadAction","target":["https:\/\/fatelab.it\/sostieni\/associati-conferma\/"]}]},{"@type":"BreadcrumbList","@id":"https:\/\/fatelab.it\/sostieni\/associati-conferma\/#breadcrumb","itemListElement":[{"@type":"ListItem","position":1,"name":"Home","item":"https:\/\/fatelab.it\/"},{"@type":"ListItem","position":2,"name":"Sostieni","item":"https:\/\/fatelab.it\/sostieni\/"},{"@type":"ListItem","position":3,"name":"Associati Conferma"}]},{"@type":"WebSite","@id":"https:\/\/fatelab.it\/#website","url":"https:\/\/fatelab.it\/","name":"About Us","description":"San Potito Sannitico","potentialAction":[{"@type":"SearchAction","target":{"@type":"EntryPoint","urlTemplate":"https:\/\/fatelab.it\/?s={search_term_string}"},"query-input":{"@type":"PropertyValueSpecification","valueRequired":true,"valueName":"search_term_string"}}],"inLanguage":"en-GB"}]}},"_links":{"self":[{"href":"https:\/\/fatelab.it\/en\/wp-json\/wp\/v2\/pages\/6877","targetHints":{"allow":["GET"]}}],"collection":[{"href":"https:\/\/fatelab.it\/en\/wp-json\/wp\/v2\/pages"}],"about":[{"href":"https:\/\/fatelab.it\/en\/wp-json\/wp\/v2\/types\/page"}],"author":[{"embeddable":true,"href":"https:\/\/fatelab.it\/en\/wp-json\/wp\/v2\/users\/1"}],"replies":[{"embeddable":true,"href":"https:\/\/fatelab.it\/en\/wp-json\/wp\/v2\/comments?post=6877"}],"version-history":[{"count":13,"href":"https:\/\/fatelab.it\/en\/wp-json\/wp\/v2\/pages\/6877\/revisions"}],"predecessor-version":[{"id":6894,"href":"https:\/\/fatelab.it\/en\/wp-json\/wp\/v2\/pages\/6877\/revisions\/6894"}],"up":[{"embeddable":true,"href":"https:\/\/fatelab.it\/en\/wp-json\/wp\/v2\/pages\/484"}],"wp:attachment":[{"href":"https:\/\/fatelab.it\/en\/wp-json\/wp\/v2\/media?parent=6877"}],"curies":[{"name":"wp","href":"https:\/\/api.w.org\/{rel}","templated":true}]}}